{"id":23,"date":"2026-03-31T15:55:46","date_gmt":"2026-03-31T13:55:46","guid":{"rendered":"http:\/\/192.168.178.173:8880\/?page_id=23"},"modified":"2026-04-06T04:10:18","modified_gmt":"2026-04-06T02:10:18","slug":"home","status":"publish","type":"page","link":"https:\/\/raaf.familycose.com\/","title":{"rendered":"Home"},"content":{"rendered":"\t\t<div data-elementor-type=\"wp-page\" data-elementor-id=\"23\" class=\"elementor elementor-23\">\n\t\t\t\t<div class=\"elementor-element elementor-element-4defa05 e-flex e-con-boxed e-con e-parent\" data-id=\"4defa05\" data-element_type=\"container\" data-e-type=\"container\" id=\"weiss-box\" data-settings=\"{&quot;background_background&quot;:&quot;classic&quot;}\">\n\t\t\t\t\t<div class=\"e-con-inner\">\n\t\t<div class=\"elementor-element elementor-element-c2a6550 e-con-full e-flex e-con e-child\" data-id=\"c2a6550\" data-element_type=\"container\" data-e-type=\"container\">\n\t\t\t\t\t\t\t<h6 \n\t\tdata-interaction-id=\"07e7e91\" \n\t\tclass=\"e-07e7e91-afe7e6a e-heading-base\" \n\t\t \n\t\t\n\t>\n\t\n\t\t\t\u00dcBER UNS\n\t\t<\/h6>\n\t\t\t\t\t\t\t<h2 \n\t\tdata-interaction-id=\"27fae5c\" \n\t\tclass=\"e-27fae5c-39b65c8 e-heading-base\" \n\t\t \n\t\t\n\t>\n\t\n\t\t\tLernen Sie uns kennen\n\t\t<\/h2>\n\t\t\t\t\t\n<hr class=\"e-1066e7c-c3856d0 e-divider-base\" data-interaction-id=\"1066e7c\"   \/>\n\t\t\t\t\t\t\t\t<p class=\"e-paragraph-base\" data-interaction-id=\"16f9e65\"  >\n\t\t\t\t\t\t\t\tWir sind ein erfahrenes und zuverl\u00e4ssiges Bauunternehmen, das sich <strong>seit mehr als 75 Jahren <\/strong>auf die Umsetzung von Bauprojekten in den Bereichen <strong>Industrie-, Ingenieur- und Sonderbau<\/strong> spezialisiert hat. Unsere langj\u00e4hrige Erfahrung und unser Know-how erm\u00f6glichen es uns, Projekte termingerecht und innerhalb des Budgets abzuschlie\u00dfen.<br><br>Unser Unternehmen legt gro\u00dfen Wert auf Qualit\u00e4t und Kundenzufriedenheit. Wir arbeiten eng mit unseren Kunden zusammen, um sicherzustellen, dass jedes Projekt genau nach ihren W\u00fcnschen und Bed\u00fcrfnissen ausgef\u00fchrt wird.\n\t\t\t\t\t<\/p>\n\t\t\t\t\t    \t            <button class=\"e-968fb27-1129100 e-button-base\" data-interaction-id=\"968fb27\"  >\n            mehr \u00fcber uns \u2192\n        <\/button>\n    \t\t\t\t<\/div>\n\t\t<div class=\"elementor-element elementor-element-791b7ce e-con-full e-flex e-con e-child\" data-id=\"791b7ce\" data-element_type=\"container\" data-e-type=\"container\">\n\t\t\t\t\t\t\t\n\t\t<img class=\"e-image-base \" \n\t\t\t\t\tdata-interaction-id=\"5524591\" \n\t\t \n\t\t \n\t\t\t\t\t\t\t\t\tid=\"73\"\n\t\t\t\t\t\t\t\t\t\t\t\tsrc=\"https:\/\/raaf.familycose.com\/wp-content\/uploads\/2026\/03\/75-Jahre-TR-IHK.jpg.webp\"\n\t\t\t\t\t\t\t\t\t\t\t\twidth=\"1316\"\n\t\t\t\t\t\t\t\t\t\t\t\theight=\"1000\"\n\t\t\t\t\t\t\t\t\t\t\t\tsrcset=\"https:\/\/raaf.familycose.com\/wp-content\/uploads\/2026\/03\/75-Jahre-TR-IHK.jpg.webp 1316w, https:\/\/raaf.familycose.com\/wp-content\/uploads\/2026\/03\/75-Jahre-TR-IHK.jpg-300x228.webp 300w, https:\/\/raaf.familycose.com\/wp-content\/uploads\/2026\/03\/75-Jahre-TR-IHK.jpg-1024x778.webp 1024w, https:\/\/raaf.familycose.com\/wp-content\/uploads\/2026\/03\/75-Jahre-TR-IHK.jpg-768x584.webp 768w\"\n\t\t\t\t\t\t\t\t\t\t\t\talt=\"\"\n\t\t\t\t\t\t\/>\n\t\t\t\t\t<\/div>\n\t\t\t\t\t<\/div>\n\t\t\t\t<\/div>\n\t\t<div class=\"elementor-element elementor-element-2bfc534 e-flex e-con-boxed e-con e-parent\" data-id=\"2bfc534\" data-element_type=\"container\" data-e-type=\"container\">\n\t\t\t\t\t<div class=\"e-con-inner\">\n\t\t\t\t\t\t\t<h6 \n\t\tdata-interaction-id=\"781ed5e\" \n\t\tclass=\"e-781ed5e-e3b508c e-heading-base\" \n\t\t \n\t\t\n\t>\n\t\n\t\t\tT\u00c4TIGKEITSFELDER VON THEO RAAF\n\t\t<\/h6>\n\t\t\t\t\t\t\t<h2 \n\t\tdata-interaction-id=\"ccc9671\" \n\t\tclass=\"e-ccc9671-fc3c179 e-heading-base\" \n\t\t \n\t\t\n\t>\n\t\n\t\t\tUnsere Leistungen\n\t\t<\/h2>\n\t\t\t\t<div class=\"elementor-element elementor-element-2b55890 e-con e-atomic-element e-flexbox-base e-2b55890-63a8cc3\" data-id=\"2b55890\" data-element_type=\"e-flexbox\" data-e-type=\"e-flexbox\" data-interaction-id=\"2b55890\">\n\t\t\t\t<div class=\"elementor-element elementor-element-6dc4a30 e-con e-atomic-element e-div-block-base e-6dc4a30-cc155d1 g-914dbdf\" data-id=\"6dc4a30\" data-element_type=\"e-div-block\" data-e-type=\"e-div-block\" data-interaction-id=\"6dc4a30\">\n\t\t\t\t<div class=\"elementor-element elementor-element-e8192b8 elementor-view-default elementor-widget elementor-widget-icon\" data-id=\"e8192b8\" data-element_type=\"widget\" data-e-type=\"widget\" data-widget_type=\"icon.default\">\n\t\t\t\t\t\t\t<div class=\"elementor-icon-wrapper\">\n\t\t\t<div class=\"elementor-icon\">\n\t\t\t<svg xmlns=\"http:\/\/www.w3.org\/2000\/svg\" xmlns:xlink=\"http:\/\/www.w3.org\/1999\/xlink\" xmlns:serif=\"http:\/\/www.serif.com\/\" width=\"100%\" height=\"100%\" viewBox=\"0 0 267 267\" xml:space=\"preserve\" style=\"fill-rule:evenodd;clip-rule:evenodd;stroke-linejoin:round;stroke-miterlimit:2;\"><rect id=\"ArtBoard1\" x=\"0\" y=\"0\" width=\"266.667\" height=\"266.667\" style=\"fill:none;\"><\/rect><g id=\"ArtBoard11\" serif:id=\"ArtBoard1\"><path d=\"M100,247.083l-87.556,0l0,-37.5l8.389,0l-0,-145.833l225,0l0,145.833l8.389,-0l0,37.5l-87.556,0l0,-87.4c0,-8.867 -3.522,-17.371 -9.792,-23.641c-6.27,-6.27 -14.774,-9.792 -23.641,-9.792c-0.003,-0 -0.006,-0 -0.008,-0c-8.812,-0 -17.263,3.5 -23.494,9.731c-6.231,6.231 -9.731,14.682 -9.731,23.494c0,35.77 0,87.608 0,87.608Z\" style=\"fill:#e2070f;\"><\/path><rect x=\"12.444\" y=\"21.908\" width=\"241.778\" height=\"33.333\" style=\"fill:#e2070f;\"><\/rect><\/g><\/svg>\t\t\t<\/div>\n\t\t<\/div>\n\t\t\t\t\t\t<\/div>\n\t\t\t\t\t\t\t<h3 \n\t\tdata-interaction-id=\"1a2242c\" \n\t\tclass=\"e-1a2242c-48d52b2 e-heading-base\" \n\t\t \n\t\t\n\t>\n\t\n\t\t\tIngenieurbau\n\t\t<\/h3>\n\t\t\t\t<\/div>\n\t\t\t\t<div class=\"elementor-element elementor-element-2ec1e00 e-con e-atomic-element e-div-block-base e-2ec1e00-5d56c93 g-914dbdf\" data-id=\"2ec1e00\" data-element_type=\"e-div-block\" data-e-type=\"e-div-block\" data-interaction-id=\"2ec1e00\">\n\t\t\t\t<div class=\"elementor-element elementor-element-c3b5554 elementor-view-default elementor-widget elementor-widget-icon\" data-id=\"c3b5554\" data-element_type=\"widget\" data-e-type=\"widget\" data-widget_type=\"icon.default\">\n\t\t\t\t\t\t\t<div class=\"elementor-icon-wrapper\">\n\t\t\t<div class=\"elementor-icon\">\n\t\t\t<svg aria-hidden=\"true\" class=\"e-font-icon-svg e-fas-industry\" viewBox=\"0 0 512 512\" xmlns=\"http:\/\/www.w3.org\/2000\/svg\"><path d=\"M475.115 163.781L336 252.309v-68.28c0-18.916-20.931-30.399-36.885-20.248L160 252.309V56c0-13.255-10.745-24-24-24H24C10.745 32 0 42.745 0 56v400c0 13.255 10.745 24 24 24h464c13.255 0 24-10.745 24-24V184.029c0-18.917-20.931-30.399-36.885-20.248z\"><\/path><\/svg>\t\t\t<\/div>\n\t\t<\/div>\n\t\t\t\t\t\t<\/div>\n\t\t\t\t\t\t\t<h3 \n\t\tdata-interaction-id=\"21cb151\" \n\t\tclass=\"e-21cb151-f13e3dc e-heading-base\" \n\t\t \n\t\t\n\t>\n\t\n\t\t\tIndustriebau\n\t\t<\/h3>\n\t\t\t\t<\/div>\n\t\t\t\t<div class=\"elementor-element elementor-element-5f76ba4 e-con e-atomic-element e-div-block-base e-5f76ba4-20921f3 g-914dbdf\" data-id=\"5f76ba4\" data-element_type=\"e-div-block\" data-e-type=\"e-div-block\" data-interaction-id=\"5f76ba4\">\n\t\t\t\t<div class=\"elementor-element elementor-element-4c4ecae elementor-view-default elementor-widget elementor-widget-icon\" data-id=\"4c4ecae\" data-element_type=\"widget\" data-e-type=\"widget\" data-widget_type=\"icon.default\">\n\t\t\t\t\t\t\t<div class=\"elementor-icon-wrapper\">\n\t\t\t<div class=\"elementor-icon\">\n\t\t\t<svg aria-hidden=\"true\" class=\"e-font-icon-svg e-far-lightbulb\" viewBox=\"0 0 352 512\" xmlns=\"http:\/\/www.w3.org\/2000\/svg\"><path d=\"M176 80c-52.94 0-96 43.06-96 96 0 8.84 7.16 16 16 16s16-7.16 16-16c0-35.3 28.72-64 64-64 8.84 0 16-7.16 16-16s-7.16-16-16-16zM96.06 459.17c0 3.15.93 6.22 2.68 8.84l24.51 36.84c2.97 4.46 7.97 7.14 13.32 7.14h78.85c5.36 0 10.36-2.68 13.32-7.14l24.51-36.84c1.74-2.62 2.67-5.7 2.68-8.84l.05-43.18H96.02l.04 43.18zM176 0C73.72 0 0 82.97 0 176c0 44.37 16.45 84.85 43.56 115.78 16.64 18.99 42.74 58.8 52.42 92.16v.06h48v-.12c-.01-4.77-.72-9.51-2.15-14.07-5.59-17.81-22.82-64.77-62.17-109.67-20.54-23.43-31.52-53.15-31.61-84.14-.2-73.64 59.67-128 127.95-128 70.58 0 128 57.42 128 128 0 30.97-11.24 60.85-31.65 84.14-39.11 44.61-56.42 91.47-62.1 109.46a47.507 47.507 0 0 0-2.22 14.3v.1h48v-.05c9.68-33.37 35.78-73.18 52.42-92.16C335.55 260.85 352 220.37 352 176 352 78.8 273.2 0 176 0z\"><\/path><\/svg>\t\t\t<\/div>\n\t\t<\/div>\n\t\t\t\t\t\t<\/div>\n\t\t\t\t\t\t\t<h3 \n\t\tdata-interaction-id=\"428c423\" \n\t\tclass=\"e-428c423-317dc46 e-heading-base\" \n\t\t \n\t\t\n\t>\n\t\n\t\t\tEnergieversorgung\n\t\t<\/h3>\n\t\t\t\t<\/div>\n\t\t\t\t<div class=\"elementor-element elementor-element-5956034 e-con e-atomic-element e-div-block-base e-5956034-497d487 g-914dbdf\" data-id=\"5956034\" data-element_type=\"e-div-block\" data-e-type=\"e-div-block\" data-interaction-id=\"5956034\">\n\t\t\t\t<div class=\"elementor-element elementor-element-5d50ee0 elementor-view-default elementor-widget elementor-widget-icon\" data-id=\"5d50ee0\" data-element_type=\"widget\" data-e-type=\"widget\" data-widget_type=\"icon.default\">\n\t\t\t\t\t\t\t<div class=\"elementor-icon-wrapper\">\n\t\t\t<div class=\"elementor-icon\">\n\t\t\t<svg aria-hidden=\"true\" class=\"e-font-icon-svg e-far-building\" viewBox=\"0 0 448 512\" xmlns=\"http:\/\/www.w3.org\/2000\/svg\"><path d=\"M128 148v-40c0-6.6 5.4-12 12-12h40c6.6 0 12 5.4 12 12v40c0 6.6-5.4 12-12 12h-40c-6.6 0-12-5.4-12-12zm140 12h40c6.6 0 12-5.4 12-12v-40c0-6.6-5.4-12-12-12h-40c-6.6 0-12 5.4-12 12v40c0 6.6 5.4 12 12 12zm-128 96h40c6.6 0 12-5.4 12-12v-40c0-6.6-5.4-12-12-12h-40c-6.6 0-12 5.4-12 12v40c0 6.6 5.4 12 12 12zm128 0h40c6.6 0 12-5.4 12-12v-40c0-6.6-5.4-12-12-12h-40c-6.6 0-12 5.4-12 12v40c0 6.6 5.4 12 12 12zm-76 84v-40c0-6.6-5.4-12-12-12h-40c-6.6 0-12 5.4-12 12v40c0 6.6 5.4 12 12 12h40c6.6 0 12-5.4 12-12zm76 12h40c6.6 0 12-5.4 12-12v-40c0-6.6-5.4-12-12-12h-40c-6.6 0-12 5.4-12 12v40c0 6.6 5.4 12 12 12zm180 124v36H0v-36c0-6.6 5.4-12 12-12h19.5V24c0-13.3 10.7-24 24-24h337c13.3 0 24 10.7 24 24v440H436c6.6 0 12 5.4 12 12zM79.5 463H192v-67c0-6.6 5.4-12 12-12h40c6.6 0 12 5.4 12 12v67h112.5V49L80 48l-.5 415z\"><\/path><\/svg>\t\t\t<\/div>\n\t\t<\/div>\n\t\t\t\t\t\t<\/div>\n\t\t\t\t\t\t\t<h3 \n\t\tdata-interaction-id=\"eebba1a\" \n\t\tclass=\"e-eebba1a-34b7afc e-heading-base\" \n\t\t \n\t\t\n\t>\n\t\n\t\t\tWohn- &amp; Gesch\u00e4ftsbau\n\t\t<\/h3>\n\t\t\t\t<\/div>\n\t\t\t\t<\/div>\n\t\t\t\t\t<\/div>\n\t\t\t\t<\/div>\n\t\t\t\t<\/div>\n\t\t","protected":false},"excerpt":{"rendered":"<p>\u00dcBER UNS Lernen Sie uns kennen Wir sind ein erfahrenes und zuverl\u00e4ssiges Bauunternehmen, das sich seit mehr als 75 Jahren [&hellip;]<\/p>\n","protected":false},"author":1,"featured_media":0,"parent":0,"menu_order":0,"comment_status":"closed","ping_status":"closed","template":"","meta":{"site-sidebar-layout":"no-sidebar","site-content-layout":"","ast-site-content-layout":"full-width-container","site-content-style":"default","site-sidebar-style":"default","ast-global-header-display":"","ast-banner-title-visibility":"","ast-main-header-display":"","ast-hfb-above-header-display":"","ast-hfb-below-header-display":"","ast-hfb-mobile-header-display":"","site-post-title":"","ast-breadcrumbs-content":"","ast-featured-img":"disabled","footer-sml-layout":"","ast-disable-related-posts":"","theme-transparent-header-meta":"","adv-header-id-meta":"","stick-header-meta":"","header-above-stick-meta":"","header-main-stick-meta":"","header-below-stick-meta":"","astra-migrate-meta-layouts":"default","ast-page-background-enabled":"default","ast-page-background-meta":{"desktop":{"background-color":"var(--ast-global-color-5)","background-image":"","background-repeat":"repeat","background-position":"center center","background-size":"auto","background-attachment":"scroll","background-type":"","background-media":"","overlay-type":"","overlay-color":"","overlay-opacity":"","overlay-gradient":""},"tablet":{"background-color":"","background-image":"","background-repeat":"repeat","background-position":"center center","background-size":"auto","background-attachment":"scroll","background-type":"","background-media":"","overlay-type":"","overlay-color":"","overlay-opacity":"","overlay-gradient":""},"mobile":{"background-color":"","background-image":"","background-repeat":"repeat","background-position":"center center","background-size":"auto","background-attachment":"scroll","background-type":"","background-media":"","overlay-type":"","overlay-color":"","overlay-opacity":"","overlay-gradient":""}},"ast-content-background-meta":{"desktop":{"background-color":"var(--ast-global-color-4)","background-image":"","background-repeat":"repeat","background-position":"center center","background-size":"auto","background-attachment":"scroll","background-type":"","background-media":"","overlay-type":"","overlay-color":"","overlay-opacity":"","overlay-gradient":""},"tablet":{"background-color":"var(--ast-global-color-4)","background-image":"","background-repeat":"repeat","background-position":"center center","background-size":"auto","background-attachment":"scroll","background-type":"","background-media":"","overlay-type":"","overlay-color":"","overlay-opacity":"","overlay-gradient":""},"mobile":{"background-color":"var(--ast-global-color-4)","background-image":"","background-repeat":"repeat","background-position":"center center","background-size":"auto","background-attachment":"scroll","background-type":"","background-media":"","overlay-type":"","overlay-color":"","overlay-opacity":"","overlay-gradient":""}},"footnotes":""},"class_list":["post-23","page","type-page","status-publish","hentry"],"yoast_head":"<!-- This site is optimized with the Yoast SEO plugin v27.3 - https:\/\/yoast.com\/product\/yoast-seo-wordpress\/ -->\n<title>Home - Theo Raaf<\/title>\n<meta name=\"robots\" content=\"index, follow, max-snippet:-1, max-image-preview:large, max-video-preview:-1\" \/>\n<link rel=\"canonical\" href=\"https:\/\/raaf.familycose.com\/\" \/>\n<meta property=\"og:locale\" content=\"de_DE\" \/>\n<meta property=\"og:type\" content=\"article\" \/>\n<meta property=\"og:title\" content=\"Home - Theo Raaf\" \/>\n<meta property=\"og:description\" content=\"\u00dcBER UNS Lernen Sie uns kennen Wir sind ein erfahrenes und zuverl\u00e4ssiges Bauunternehmen, das sich seit mehr als 75 Jahren [&hellip;]\" \/>\n<meta property=\"og:url\" content=\"https:\/\/raaf.familycose.com\/\" \/>\n<meta property=\"og:site_name\" content=\"Theo Raaf\" \/>\n<meta property=\"article:modified_time\" content=\"2026-04-06T02:10:18+00:00\" \/>\n<meta property=\"og:image\" content=\"https:\/\/raaf.familycose.com\/wp-content\/uploads\/2026\/03\/75-Jahre-TR-IHK.jpg.webp\" \/>\n<meta name=\"twitter:card\" content=\"summary_large_image\" \/>\n<meta name=\"twitter:label1\" content=\"Gesch\u00e4tzte Lesezeit\" \/>\n\t<meta name=\"twitter:data1\" content=\"1\u00a0Minute\" \/>\n<script type=\"application\/ld+json\" class=\"yoast-schema-graph\">{\"@context\":\"https:\\\/\\\/schema.org\",\"@graph\":[{\"@type\":\"WebPage\",\"@id\":\"https:\\\/\\\/raaf.familycose.com\\\/\",\"url\":\"https:\\\/\\\/raaf.familycose.com\\\/\",\"name\":\"Home - Theo Raaf\",\"isPartOf\":{\"@id\":\"https:\\\/\\\/raaf.familycose.com\\\/#website\"},\"primaryImageOfPage\":{\"@id\":\"https:\\\/\\\/raaf.familycose.com\\\/#primaryimage\"},\"image\":{\"@id\":\"https:\\\/\\\/raaf.familycose.com\\\/#primaryimage\"},\"thumbnailUrl\":\"https:\\\/\\\/raaf.familycose.com\\\/wp-content\\\/uploads\\\/2026\\\/03\\\/75-Jahre-TR-IHK.jpg.webp\",\"datePublished\":\"2026-03-31T13:55:46+00:00\",\"dateModified\":\"2026-04-06T02:10:18+00:00\",\"breadcrumb\":{\"@id\":\"https:\\\/\\\/raaf.familycose.com\\\/#breadcrumb\"},\"inLanguage\":\"de\",\"potentialAction\":[{\"@type\":\"ReadAction\",\"target\":[\"https:\\\/\\\/raaf.familycose.com\\\/\"]}]},{\"@type\":\"ImageObject\",\"inLanguage\":\"de\",\"@id\":\"https:\\\/\\\/raaf.familycose.com\\\/#primaryimage\",\"url\":\"https:\\\/\\\/raaf.familycose.com\\\/wp-content\\\/uploads\\\/2026\\\/03\\\/75-Jahre-TR-IHK.jpg.webp\",\"contentUrl\":\"https:\\\/\\\/raaf.familycose.com\\\/wp-content\\\/uploads\\\/2026\\\/03\\\/75-Jahre-TR-IHK.jpg.webp\",\"width\":1316,\"height\":1000},{\"@type\":\"BreadcrumbList\",\"@id\":\"https:\\\/\\\/raaf.familycose.com\\\/#breadcrumb\",\"itemListElement\":[{\"@type\":\"ListItem\",\"position\":1,\"name\":\"Start\",\"item\":\"https:\\\/\\\/raaf.familycose.com\\\/\"},{\"@type\":\"ListItem\",\"position\":2,\"name\":\"Home\"}]},{\"@type\":\"WebSite\",\"@id\":\"https:\\\/\\\/raaf.familycose.com\\\/#website\",\"url\":\"https:\\\/\\\/raaf.familycose.com\\\/\",\"name\":\"Theo Raaf\",\"description\":\"\",\"publisher\":{\"@id\":\"https:\\\/\\\/raaf.familycose.com\\\/#organization\"},\"potentialAction\":[{\"@type\":\"SearchAction\",\"target\":{\"@type\":\"EntryPoint\",\"urlTemplate\":\"https:\\\/\\\/raaf.familycose.com\\\/?s={search_term_string}\"},\"query-input\":{\"@type\":\"PropertyValueSpecification\",\"valueRequired\":true,\"valueName\":\"search_term_string\"}}],\"inLanguage\":\"de\"},{\"@type\":\"Organization\",\"@id\":\"https:\\\/\\\/raaf.familycose.com\\\/#organization\",\"name\":\"Theo Raaf Bauunternehmung GmbH & CO. KG\",\"url\":\"https:\\\/\\\/raaf.familycose.com\\\/\",\"logo\":{\"@type\":\"ImageObject\",\"inLanguage\":\"de\",\"@id\":\"https:\\\/\\\/raaf.familycose.com\\\/#\\\/schema\\\/logo\\\/image\\\/\",\"url\":\"http:\\\/\\\/192.168.178.173:8880\\\/wp-content\\\/uploads\\\/2026\\\/03\\\/logo.jpg.webp\",\"contentUrl\":\"http:\\\/\\\/192.168.178.173:8880\\\/wp-content\\\/uploads\\\/2026\\\/03\\\/logo.jpg.webp\",\"width\":104,\"height\":120,\"caption\":\"Theo Raaf Bauunternehmung GmbH & CO. KG\"},\"image\":{\"@id\":\"https:\\\/\\\/raaf.familycose.com\\\/#\\\/schema\\\/logo\\\/image\\\/\"}}]}<\/script>\n<!-- \/ Yoast SEO plugin. -->","yoast_head_json":{"title":"Home - Theo Raaf","robots":{"index":"index","follow":"follow","max-snippet":"max-snippet:-1","max-image-preview":"max-image-preview:large","max-video-preview":"max-video-preview:-1"},"canonical":"https:\/\/raaf.familycose.com\/","og_locale":"de_DE","og_type":"article","og_title":"Home - Theo Raaf","og_description":"\u00dcBER UNS Lernen Sie uns kennen Wir sind ein erfahrenes und zuverl\u00e4ssiges Bauunternehmen, das sich seit mehr als 75 Jahren [&hellip;]","og_url":"https:\/\/raaf.familycose.com\/","og_site_name":"Theo Raaf","article_modified_time":"2026-04-06T02:10:18+00:00","og_image":[{"url":"https:\/\/raaf.familycose.com\/wp-content\/uploads\/2026\/03\/75-Jahre-TR-IHK.jpg.webp","type":"","width":"","height":""}],"twitter_card":"summary_large_image","twitter_misc":{"Gesch\u00e4tzte Lesezeit":"1\u00a0Minute"},"schema":{"@context":"https:\/\/schema.org","@graph":[{"@type":"WebPage","@id":"https:\/\/raaf.familycose.com\/","url":"https:\/\/raaf.familycose.com\/","name":"Home - Theo Raaf","isPartOf":{"@id":"https:\/\/raaf.familycose.com\/#website"},"primaryImageOfPage":{"@id":"https:\/\/raaf.familycose.com\/#primaryimage"},"image":{"@id":"https:\/\/raaf.familycose.com\/#primaryimage"},"thumbnailUrl":"https:\/\/raaf.familycose.com\/wp-content\/uploads\/2026\/03\/75-Jahre-TR-IHK.jpg.webp","datePublished":"2026-03-31T13:55:46+00:00","dateModified":"2026-04-06T02:10:18+00:00","breadcrumb":{"@id":"https:\/\/raaf.familycose.com\/#breadcrumb"},"inLanguage":"de","potentialAction":[{"@type":"ReadAction","target":["https:\/\/raaf.familycose.com\/"]}]},{"@type":"ImageObject","inLanguage":"de","@id":"https:\/\/raaf.familycose.com\/#primaryimage","url":"https:\/\/raaf.familycose.com\/wp-content\/uploads\/2026\/03\/75-Jahre-TR-IHK.jpg.webp","contentUrl":"https:\/\/raaf.familycose.com\/wp-content\/uploads\/2026\/03\/75-Jahre-TR-IHK.jpg.webp","width":1316,"height":1000},{"@type":"BreadcrumbList","@id":"https:\/\/raaf.familycose.com\/#breadcrumb","itemListElement":[{"@type":"ListItem","position":1,"name":"Start","item":"https:\/\/raaf.familycose.com\/"},{"@type":"ListItem","position":2,"name":"Home"}]},{"@type":"WebSite","@id":"https:\/\/raaf.familycose.com\/#website","url":"https:\/\/raaf.familycose.com\/","name":"Theo Raaf","description":"","publisher":{"@id":"https:\/\/raaf.familycose.com\/#organization"},"potentialAction":[{"@type":"SearchAction","target":{"@type":"EntryPoint","urlTemplate":"https:\/\/raaf.familycose.com\/?s={search_term_string}"},"query-input":{"@type":"PropertyValueSpecification","valueRequired":true,"valueName":"search_term_string"}}],"inLanguage":"de"},{"@type":"Organization","@id":"https:\/\/raaf.familycose.com\/#organization","name":"Theo Raaf Bauunternehmung GmbH & CO. KG","url":"https:\/\/raaf.familycose.com\/","logo":{"@type":"ImageObject","inLanguage":"de","@id":"https:\/\/raaf.familycose.com\/#\/schema\/logo\/image\/","url":"http:\/\/192.168.178.173:8880\/wp-content\/uploads\/2026\/03\/logo.jpg.webp","contentUrl":"http:\/\/192.168.178.173:8880\/wp-content\/uploads\/2026\/03\/logo.jpg.webp","width":104,"height":120,"caption":"Theo Raaf Bauunternehmung GmbH & CO. KG"},"image":{"@id":"https:\/\/raaf.familycose.com\/#\/schema\/logo\/image\/"}}]}},"_links":{"self":[{"href":"https:\/\/raaf.familycose.com\/index.php?rest_route=\/wp\/v2\/pages\/23","targetHints":{"allow":["GET"]}}],"collection":[{"href":"https:\/\/raaf.familycose.com\/index.php?rest_route=\/wp\/v2\/pages"}],"about":[{"href":"https:\/\/raaf.familycose.com\/index.php?rest_route=\/wp\/v2\/types\/page"}],"author":[{"embeddable":true,"href":"https:\/\/raaf.familycose.com\/index.php?rest_route=\/wp\/v2\/users\/1"}],"replies":[{"embeddable":true,"href":"https:\/\/raaf.familycose.com\/index.php?rest_route=%2Fwp%2Fv2%2Fcomments&post=23"}],"version-history":[{"count":13,"href":"https:\/\/raaf.familycose.com\/index.php?rest_route=\/wp\/v2\/pages\/23\/revisions"}],"predecessor-version":[{"id":106,"href":"https:\/\/raaf.familycose.com\/index.php?rest_route=\/wp\/v2\/pages\/23\/revisions\/106"}],"wp:attachment":[{"href":"https:\/\/raaf.familycose.com\/index.php?rest_route=%2Fwp%2Fv2%2Fmedia&parent=23"}],"curies":[{"name":"wp","href":"https:\/\/api.w.org\/{rel}","templated":true}]}}